{"id":11819,"date":"2020-11-13T21:15:06","date_gmt":"2020-11-13T21:15:06","guid":{"rendered":"https:\/\/parolaslanguages.com\/?page_id=11819"},"modified":"2024-02-11T01:28:44","modified_gmt":"2024-02-11T01:28:44","slug":"pablo-cisneros-alvarez","status":"publish","type":"page","link":"https:\/\/parolaslanguages.com\/en\/pablo-cisneros-alvarez\/","title":{"rendered":"PABLO CISNEROS \u00c1LVAREZ"},"content":{"rendered":"<p class=\"wp-block-paragraph\">He holds a PhD in History of Art and a degree in History of Art and in History and Science of Music. He is a lecturer at the International University of La Rioja (UNIR).<\/p>\n\n\n\n<p class=\"wp-block-paragraph\">He has taught at the Universitat de Val\u00e8ncia and in higher and professional conservatories. He has been a speaker at national and international congresses. His lectures, research and publications focus on Valencian artistic-cultural heritage and the relationships between music and architecture.<\/p>\n\n\n\n<p class=\"wp-block-paragraph\">His scientific writings have been published by institutions such as the CSIC or universities such as the Polit\u00e9cnica de Val\u00e8ncia, Universitat de Val\u00e8ncia or the Universidad Complutense de Madrid, among others. <\/p>\n\n\n\n<div class=\"wp-block-columns is-layout-flex wp-container-core-columns-is-layout-8f761849 wp-block-columns-is-layout-flex\">\n<div class=\"wp-block-column is-layout-flow wp-block-column-is-layout-flow\"><\/div>\n\n\n\n<div class=\"wp-block-column is-layout-flow wp-block-column-is-layout-flow\"><\/div>\n<\/div>\n\n\n\n<div class=\"wp-block-columns is-layout-flex wp-container-core-columns-is-layout-8f761849 wp-block-columns-is-layout-flex\"><\/div>\n\n\n\n<div class=\"wp-block-columns is-layout-flex wp-container-core-columns-is-layout-8f761849 wp-block-columns-is-layout-flex\"><\/div>\n\n\n\n<div class=\"wp-block-columns is-layout-flex wp-container-core-columns-is-layout-8f761849 wp-block-columns-is-layout-flex\">\n<div class=\"wp-block-column is-layout-flow wp-block-column-is-layout-flow\">\n<div class=\"wp-block-columns is-layout-flex wp-container-core-columns-is-layout-8f761849 wp-block-columns-is-layout-flex\">\n<div class=\"wp-block-column is-layout-flow wp-block-column-is-layout-flow\">\n<figure class=\"wp-block-image size-large\"><a href=\"https:\/\/parolaslanguages.com\/en\/isbn6610000258345\/\" target=\"_blank\" rel=\"noopener noreferrer\"><img data-recalc-dims=\"1\" loading=\"lazy\" decoding=\"async\" width=\"640\" height=\"640\" data-attachment-id=\"10053\" data-permalink=\"https:\/\/parolaslanguages.com\/en\/isbn6610000258345\/attachment\/6610000258345\/\" data-orig-file=\"https:\/\/i0.wp.com\/parolaslanguages.com\/wp-content\/uploads\/2020\/05\/6610000258345.png?fit=664%2C664&amp;ssl=1\" data-orig-size=\"664,664\" data-comments-opened=\"1\" data-image-meta=\"{&quot;aperture&quot;:&quot;0&quot;,&quot;credit&quot;:&quot;&quot;,&quot;camera&quot;:&quot;&quot;,&quot;caption&quot;:&quot;&quot;,&quot;created_timestamp&quot;:&quot;0&quot;,&quot;copyright&quot;:&quot;&quot;,&quot;focal_length&quot;:&quot;0&quot;,&quot;iso&quot;:&quot;0&quot;,&quot;shutter_speed&quot;:&quot;0&quot;,&quot;title&quot;:&quot;&quot;,&quot;orientation&quot;:&quot;0&quot;}\" data-image-title=\"6610000258345\" data-image-description=\"\" data-image-caption=\"\" data-large-file=\"https:\/\/i0.wp.com\/parolaslanguages.com\/wp-content\/uploads\/2020\/05\/6610000258345.png?fit=640%2C640&amp;ssl=1\" src=\"https:\/\/i0.wp.com\/parolaslanguages.com\/wp-content\/uploads\/2020\/05\/6610000258345.png?resize=640%2C640&#038;ssl=1\" alt=\"\" class=\"wp-image-10053\" srcset=\"https:\/\/i0.wp.com\/parolaslanguages.com\/wp-content\/uploads\/2020\/05\/6610000258345.png?w=664&amp;ssl=1 664w, https:\/\/i0.wp.com\/parolaslanguages.com\/wp-content\/uploads\/2020\/05\/6610000258345.png?resize=300%2C300&amp;ssl=1 300w, https:\/\/i0.wp.com\/parolaslanguages.com\/wp-content\/uploads\/2020\/05\/6610000258345.png?resize=200%2C200&amp;ssl=1 200w, https:\/\/i0.wp.com\/parolaslanguages.com\/wp-content\/uploads\/2020\/05\/6610000258345.png?resize=520%2C520&amp;ssl=1 520w, https:\/\/i0.wp.com\/parolaslanguages.com\/wp-content\/uploads\/2020\/05\/6610000258345.png?resize=360%2C360&amp;ssl=1 360w, https:\/\/i0.wp.com\/parolaslanguages.com\/wp-content\/uploads\/2020\/05\/6610000258345.png?resize=250%2C250&amp;ssl=1 250w, https:\/\/i0.wp.com\/parolaslanguages.com\/wp-content\/uploads\/2020\/05\/6610000258345.png?resize=100%2C100&amp;ssl=1 100w\" sizes=\"auto, (max-width: 640px) 100vw, 640px\" \/><\/a><\/figure>\n\n\n\n<p class=\"wp-block-paragraph\"><\/p>\n\n\n\n<p class=\"wp-block-paragraph\" style=\"font-size:12px\"><strong><em>The art of the Renaissance<\/em><\/strong> <br \/>Pablo Cisneros \u00c1lvarez<\/p>\n\n\n\n<div class=\"read-more clearfix\">\n\t\t<a class=\"button post-button\" style=\"padding-bottom:3px; padding-top:3px; padding-left:10px; padding-right:6px;text-transform: capitalize;\" href=\"https:\/\/parolaslanguages.com\/en\/isbn6610000258345\/\" target=\"_blank\" title=\"Choose your favorite store\" rel=\"noopener noreferrer\">Buy<\/a>\n\t<\/div>\n<p style=\"color:white\">.<\/p>\n<\/div>\n\n\n\n<div class=\"wp-block-column is-layout-flow wp-block-column-is-layout-flow\">\n<p class=\"wp-block-paragraph\"><\/p>\n\n\n\n<p class=\"wp-block-paragraph\" style=\"font-size:12px\"><\/p>\n\n\n<\/div>\n\n\n\n<div class=\"wp-block-column is-layout-flow wp-block-column-is-layout-flow\"><\/div>\n\n\n\n<div class=\"wp-block-column is-layout-flow wp-block-column-is-layout-flow\"><\/div>\n<\/div>\n<\/div>\n<\/div>","protected":false},"excerpt":{"rendered":"<p> <a class=\"read-more\" href=\"https:\/\/parolaslanguages.com\/en\/pablo-cisneros-alvarez\/\">Read more<\/a><\/p>","protected":false},"author":99780688,"featured_media":0,"parent":0,"menu_order":0,"comment_status":"closed","ping_status":"closed","template":"page-templates\/page_fullwidth.php","meta":{"_crdt_document":"","advanced_seo_description":"","jetpack_seo_html_title":"","jetpack_seo_noindex":false,"footnotes":""},"class_list":["post-11819","page","type-page","status-publish","hentry","clearfix"],"jetpack_likes_enabled":false,"jetpack_sharing_enabled":true,"jetpack_shortlink":"https:\/\/wp.me\/P8Kc3U-34D","_links":{"self":[{"href":"https:\/\/parolaslanguages.com\/en\/wp-json\/wp\/v2\/pages\/11819","targetHints":{"allow":["GET"]}}],"collection":[{"href":"https:\/\/parolaslanguages.com\/en\/wp-json\/wp\/v2\/pages"}],"about":[{"href":"https:\/\/parolaslanguages.com\/en\/wp-json\/wp\/v2\/types\/page"}],"author":[{"embeddable":true,"href":"https:\/\/parolaslanguages.com\/en\/wp-json\/wp\/v2\/users\/99780688"}],"replies":[{"embeddable":true,"href":"https:\/\/parolaslanguages.com\/en\/wp-json\/wp\/v2\/comments?post=11819"}],"version-history":[{"count":6,"href":"https:\/\/parolaslanguages.com\/en\/wp-json\/wp\/v2\/pages\/11819\/revisions"}],"predecessor-version":[{"id":17439,"href":"https:\/\/parolaslanguages.com\/en\/wp-json\/wp\/v2\/pages\/11819\/revisions\/17439"}],"wp:attachment":[{"href":"https:\/\/parolaslanguages.com\/en\/wp-json\/wp\/v2\/media?parent=11819"}],"curies":[{"name":"wp","href":"https:\/\/api.w.org\/{rel}","templated":true}]}}