{"id":15489,"date":"2022-10-12T13:54:09","date_gmt":"2022-10-12T13:54:09","guid":{"rendered":"https:\/\/parolaslanguages.com\/?page_id=15489"},"modified":"2024-02-11T03:03:02","modified_gmt":"2024-02-11T03:03:02","slug":"francisco-salas-molina","status":"publish","type":"page","link":"https:\/\/parolaslanguages.com\/en\/francisco-salas-molina\/","title":{"rendered":"FRANCISCO SALAS MOLINA"},"content":{"rendered":"<p class=\"wp-block-paragraph\">Holds a PhD in Engineering from the Universitat Polit\u00e9cnica de Val\u00e8ncia and the Instituto de Investigaci\u00f3n en Inteligencia Artificial under the Consejo Superior de Investigaciones Cient\u00edficas, Industrial Organization Engineer and Technical Engineer in Industrial Electronics from the Universidad Polit\u00e9cnica de Valencia and Master in Business Creation from the Universidad de Valencia.<\/p>\n\n\n\n<p class=\"wp-block-paragraph translation-block\">He is currently a professor in the Business Management Department of the Faculty of Economics of the Universitat de Val\u00e8ncia. He develops his research in the confluence of Economics, Operational Research and Computer Science. His work on multi-criteria decision theory and quantitative methods for finance has been published in prestigious research journals such as the <em>International Journal of Forecasting<\/em>, <em>Computers and Operations Research<\/em> or <em>Annals <\/em><em>of Operations Research<\/em>.<\/p>\n\n\n\n<p class=\"wp-block-paragraph\">In 2008, he received the First Prize of the Fundaci\u00f3n Ruralcaja for the Best Business Article organized by the Escuela de Negocios Fundesem of Alicante. In 2019, his doctoral thesis received the Award for the Best Doctoral Thesis in Multicriteria Decision awarded by the Multicriterio Decision Group of the Sociedad Espa\u00f1ola de Estad\u00edstica e Investigaci\u00f3n Operativa.<\/p>\n\n\n\n<div class=\"wp-block-columns is-layout-flex wp-container-core-columns-is-layout-8f761849 wp-block-columns-is-layout-flex\">\n<div class=\"wp-block-column is-layout-flow wp-block-column-is-layout-flow\"><\/div>\n\n\n\n<div class=\"wp-block-column is-layout-flow wp-block-column-is-layout-flow\"><\/div>\n<\/div>\n\n\n\n<div class=\"wp-block-columns is-layout-flex wp-container-core-columns-is-layout-8f761849 wp-block-columns-is-layout-flex\"><\/div>\n\n\n\n<div class=\"wp-block-columns is-layout-flex wp-container-core-columns-is-layout-8f761849 wp-block-columns-is-layout-flex\"><\/div>\n\n\n\n<div class=\"wp-block-columns is-layout-flex wp-container-core-columns-is-layout-8f761849 wp-block-columns-is-layout-flex\"><\/div>\n\n\n\n<div class=\"wp-block-columns is-layout-flex wp-container-core-columns-is-layout-8f761849 wp-block-columns-is-layout-flex\">\n<div class=\"wp-block-column is-layout-flow wp-block-column-is-layout-flow\">\n<figure class=\"wp-block-image alignfull size-large\"><a href=\"https:\/\/parolaslanguages.com\/en\/isbn6610000270217\/\" target=\"_blank\" rel=\"noopener noreferrer\"><img data-recalc-dims=\"1\" loading=\"lazy\" decoding=\"async\" width=\"640\" height=\"640\" data-attachment-id=\"10714\" data-permalink=\"https:\/\/parolaslanguages.com\/en\/matematicas\/attachment\/6610000270217\/\" data-orig-file=\"https:\/\/i0.wp.com\/parolaslanguages.com\/wp-content\/uploads\/2020\/09\/6610000270217.png?fit=664%2C664&amp;ssl=1\" data-orig-size=\"664,664\" data-comments-opened=\"1\" data-image-meta=\"{&quot;aperture&quot;:&quot;0&quot;,&quot;credit&quot;:&quot;&quot;,&quot;camera&quot;:&quot;&quot;,&quot;caption&quot;:&quot;&quot;,&quot;created_timestamp&quot;:&quot;0&quot;,&quot;copyright&quot;:&quot;&quot;,&quot;focal_length&quot;:&quot;0&quot;,&quot;iso&quot;:&quot;0&quot;,&quot;shutter_speed&quot;:&quot;0&quot;,&quot;title&quot;:&quot;&quot;,&quot;orientation&quot;:&quot;0&quot;}\" data-image-title=\"6610000270217\" data-image-description=\"\" data-image-caption=\"\" data-large-file=\"https:\/\/i0.wp.com\/parolaslanguages.com\/wp-content\/uploads\/2020\/09\/6610000270217.png?fit=640%2C640&amp;ssl=1\" src=\"https:\/\/i0.wp.com\/parolaslanguages.com\/wp-content\/uploads\/2020\/09\/6610000270217.png?resize=640%2C640&#038;ssl=1\" alt=\"\" class=\"wp-image-10714\" srcset=\"https:\/\/i0.wp.com\/parolaslanguages.com\/wp-content\/uploads\/2020\/09\/6610000270217.png?w=664&amp;ssl=1 664w, https:\/\/i0.wp.com\/parolaslanguages.com\/wp-content\/uploads\/2020\/09\/6610000270217.png?resize=300%2C300&amp;ssl=1 300w, https:\/\/i0.wp.com\/parolaslanguages.com\/wp-content\/uploads\/2020\/09\/6610000270217.png?resize=200%2C200&amp;ssl=1 200w, https:\/\/i0.wp.com\/parolaslanguages.com\/wp-content\/uploads\/2020\/09\/6610000270217.png?resize=520%2C520&amp;ssl=1 520w, https:\/\/i0.wp.com\/parolaslanguages.com\/wp-content\/uploads\/2020\/09\/6610000270217.png?resize=360%2C360&amp;ssl=1 360w, https:\/\/i0.wp.com\/parolaslanguages.com\/wp-content\/uploads\/2020\/09\/6610000270217.png?resize=250%2C250&amp;ssl=1 250w, https:\/\/i0.wp.com\/parolaslanguages.com\/wp-content\/uploads\/2020\/09\/6610000270217.png?resize=100%2C100&amp;ssl=1 100w\" sizes=\"auto, (max-width: 640px) 100vw, 640px\" \/><\/a><\/figure>\n\n\n\n<p class=\"wp-block-paragraph\"><\/p>\n\n\n\n<p class=\"wp-block-paragraph\" style=\"font-size:12px\"><strong><em>The John Nash equilibrium<\/em><\/strong><br \/>Francisco Salas Molina<\/p>\n\n\n\n<div class=\"read-more clearfix\">\n\t\t<a class=\"button post-button\" style=\"padding-bottom:3px; padding-top:3px; padding-left:10px; padding-right:6px;text-transform: capitalize;\" href=\"https:\/\/parolaslanguages.com\/en\/isbn6610000270217\/\" target=\"_blank\" title=\"Choose your favorite store\" rel=\"noopener noreferrer\">Buy<\/a>\n\t<\/div>\n<p style=\"color:white\">.<\/p>\n<\/div>\n\n\n\n<div class=\"wp-block-column is-layout-flow wp-block-column-is-layout-flow\">\n<figure class=\"wp-block-image alignfull size-large\"><a href=\"https:\/\/parolaslanguages.com\/en\/isbn6610000276387\/\" target=\"_blank\" rel=\"noopener noreferrer\"><img data-recalc-dims=\"1\" loading=\"lazy\" decoding=\"async\" width=\"640\" height=\"640\" data-attachment-id=\"11765\" data-permalink=\"https:\/\/parolaslanguages.com\/en\/isbn6610000276387\/isbn6610000276387\/\" data-orig-file=\"https:\/\/i0.wp.com\/parolaslanguages.com\/wp-content\/uploads\/2020\/11\/isbn6610000276387.png?fit=664%2C664&amp;ssl=1\" data-orig-size=\"664,664\" data-comments-opened=\"1\" data-image-meta=\"{&quot;aperture&quot;:&quot;0&quot;,&quot;credit&quot;:&quot;&quot;,&quot;camera&quot;:&quot;&quot;,&quot;caption&quot;:&quot;&quot;,&quot;created_timestamp&quot;:&quot;0&quot;,&quot;copyright&quot;:&quot;&quot;,&quot;focal_length&quot;:&quot;0&quot;,&quot;iso&quot;:&quot;0&quot;,&quot;shutter_speed&quot;:&quot;0&quot;,&quot;title&quot;:&quot;&quot;,&quot;orientation&quot;:&quot;0&quot;}\" data-image-title=\"isbn6610000276387\" data-image-description=\"\" data-image-caption=\"\" data-large-file=\"https:\/\/i0.wp.com\/parolaslanguages.com\/wp-content\/uploads\/2020\/11\/isbn6610000276387.png?fit=640%2C640&amp;ssl=1\" src=\"https:\/\/i0.wp.com\/parolaslanguages.com\/wp-content\/uploads\/2020\/11\/isbn6610000276387.png?resize=640%2C640&#038;ssl=1\" alt=\"\" class=\"wp-image-11765\" srcset=\"https:\/\/i0.wp.com\/parolaslanguages.com\/wp-content\/uploads\/2020\/11\/isbn6610000276387.png?w=664&amp;ssl=1 664w, https:\/\/i0.wp.com\/parolaslanguages.com\/wp-content\/uploads\/2020\/11\/isbn6610000276387.png?resize=300%2C300&amp;ssl=1 300w, https:\/\/i0.wp.com\/parolaslanguages.com\/wp-content\/uploads\/2020\/11\/isbn6610000276387.png?resize=200%2C200&amp;ssl=1 200w, https:\/\/i0.wp.com\/parolaslanguages.com\/wp-content\/uploads\/2020\/11\/isbn6610000276387.png?resize=12%2C12&amp;ssl=1 12w, https:\/\/i0.wp.com\/parolaslanguages.com\/wp-content\/uploads\/2020\/11\/isbn6610000276387.png?resize=520%2C520&amp;ssl=1 520w, https:\/\/i0.wp.com\/parolaslanguages.com\/wp-content\/uploads\/2020\/11\/isbn6610000276387.png?resize=360%2C360&amp;ssl=1 360w, https:\/\/i0.wp.com\/parolaslanguages.com\/wp-content\/uploads\/2020\/11\/isbn6610000276387.png?resize=250%2C250&amp;ssl=1 250w, https:\/\/i0.wp.com\/parolaslanguages.com\/wp-content\/uploads\/2020\/11\/isbn6610000276387.png?resize=100%2C100&amp;ssl=1 100w\" sizes=\"auto, (max-width: 640px) 100vw, 640px\" \/><\/a><\/figure>\n\n\n\n<p class=\"wp-block-paragraph\"><\/p>\n\n\n\n<p class=\"wp-block-paragraph\" style=\"font-size:12px\"><strong><em>The Fibonacci Succession<\/em><\/strong><br \/>Francisco Salas Molina<\/p>\n\n\n\n<div class=\"read-more clearfix\">\n\t\t<a class=\"button post-button\" style=\"padding-bottom:3px; padding-top:3px; padding-left:10px; padding-right:6px;text-transform: capitalize;\" href=\"https:\/\/parolaslanguages.com\/en\/isbn6610000276387\/\" target=\"_blank\" title=\"Choose your favorite store\" rel=\"noopener noreferrer\">Buy<\/a>\n\t<\/div>\n<p style=\"color:white\">.<\/p>\n<\/div>\n\n\n\n<div class=\"wp-block-column is-layout-flow wp-block-column-is-layout-flow\"><div class=\"wp-block-image\">\n<figure class=\"aligncenter size-large\"><a href=\"https:\/\/parolaslanguages.com\/en\/isbn6610000291380\/\" target=\"_blank\" rel=\"noopener\"><img data-recalc-dims=\"1\" loading=\"lazy\" decoding=\"async\" width=\"640\" height=\"640\" data-attachment-id=\"11797\" data-permalink=\"https:\/\/parolaslanguages.com\/en\/matematicas\/coverweb\/\" data-orig-file=\"https:\/\/i0.wp.com\/parolaslanguages.com\/wp-content\/uploads\/2020\/11\/CoverWeb.png?fit=664%2C664&amp;ssl=1\" data-orig-size=\"664,664\" data-comments-opened=\"1\" data-image-meta=\"{&quot;aperture&quot;:&quot;0&quot;,&quot;credit&quot;:&quot;&quot;,&quot;camera&quot;:&quot;&quot;,&quot;caption&quot;:&quot;&quot;,&quot;created_timestamp&quot;:&quot;0&quot;,&quot;copyright&quot;:&quot;&quot;,&quot;focal_length&quot;:&quot;0&quot;,&quot;iso&quot;:&quot;0&quot;,&quot;shutter_speed&quot;:&quot;0&quot;,&quot;title&quot;:&quot;&quot;,&quot;orientation&quot;:&quot;0&quot;}\" data-image-title=\"6610000291380\" data-image-description=\"\" data-image-caption=\"\" data-large-file=\"https:\/\/i0.wp.com\/parolaslanguages.com\/wp-content\/uploads\/2020\/11\/CoverWeb.png?fit=640%2C640&amp;ssl=1\" src=\"https:\/\/i0.wp.com\/parolaslanguages.com\/wp-content\/uploads\/2020\/11\/CoverWeb.png?resize=640%2C640&#038;ssl=1\" alt=\"\" class=\"wp-image-11797\" srcset=\"https:\/\/i0.wp.com\/parolaslanguages.com\/wp-content\/uploads\/2020\/11\/CoverWeb.png?w=664&amp;ssl=1 664w, https:\/\/i0.wp.com\/parolaslanguages.com\/wp-content\/uploads\/2020\/11\/CoverWeb.png?resize=300%2C300&amp;ssl=1 300w, https:\/\/i0.wp.com\/parolaslanguages.com\/wp-content\/uploads\/2020\/11\/CoverWeb.png?resize=200%2C200&amp;ssl=1 200w, https:\/\/i0.wp.com\/parolaslanguages.com\/wp-content\/uploads\/2020\/11\/CoverWeb.png?resize=12%2C12&amp;ssl=1 12w, https:\/\/i0.wp.com\/parolaslanguages.com\/wp-content\/uploads\/2020\/11\/CoverWeb.png?resize=520%2C520&amp;ssl=1 520w, https:\/\/i0.wp.com\/parolaslanguages.com\/wp-content\/uploads\/2020\/11\/CoverWeb.png?resize=360%2C360&amp;ssl=1 360w, https:\/\/i0.wp.com\/parolaslanguages.com\/wp-content\/uploads\/2020\/11\/CoverWeb.png?resize=250%2C250&amp;ssl=1 250w, https:\/\/i0.wp.com\/parolaslanguages.com\/wp-content\/uploads\/2020\/11\/CoverWeb.png?resize=100%2C100&amp;ssl=1 100w\" sizes=\"auto, (max-width: 640px) 100vw, 640px\" \/><\/a><\/figure>\n<\/div>\n\n\n<p class=\"wp-block-paragraph\"><\/p>\n\n\n\n<p class=\"wp-block-paragraph\" style=\"font-size:12px\"><strong><em>Turing and machine language<\/em><\/strong><br \/>Francisco Salas Molina<\/p>\n\n\n\n<div class=\"read-more clearfix\">\n\t\t<a class=\"button post-button\" style=\"padding-bottom:3px; padding-top:3px; padding-left:10px; padding-right:6px;text-transform: capitalize;\" href=\"https:\/\/parolaslanguages.com\/en\/isbn6610000291380\/\" target=\"_blank\" title=\"Choose your favorite store\" rel=\"noopener noreferrer\">Buy<\/a>\n\t<\/div>\n<p style=\"color:white\">.<\/p>\n<\/div>\n\n\n\n<div class=\"wp-block-column is-layout-flow wp-block-column-is-layout-flow\"><div class=\"wp-block-image\">\n<figure class=\"aligncenter size-large\"><a href=\"https:\/\/parolaslanguages.com\/en\/isbn6610000393589\/\" target=\"_blank\" rel=\"noreferrer noopener\"><img data-recalc-dims=\"1\" loading=\"lazy\" decoding=\"async\" width=\"640\" height=\"640\" data-attachment-id=\"13045\" data-permalink=\"https:\/\/parolaslanguages.com\/en\/mirzakhaniweb\/\" data-orig-file=\"https:\/\/i0.wp.com\/parolaslanguages.com\/wp-content\/uploads\/2021\/04\/MirzakhaniWeb.png?fit=664%2C664&amp;ssl=1\" data-orig-size=\"664,664\" data-comments-opened=\"1\" data-image-meta=\"{&quot;aperture&quot;:&quot;0&quot;,&quot;credit&quot;:&quot;&quot;,&quot;camera&quot;:&quot;&quot;,&quot;caption&quot;:&quot;&quot;,&quot;created_timestamp&quot;:&quot;0&quot;,&quot;copyright&quot;:&quot;&quot;,&quot;focal_length&quot;:&quot;0&quot;,&quot;iso&quot;:&quot;0&quot;,&quot;shutter_speed&quot;:&quot;0&quot;,&quot;title&quot;:&quot;&quot;,&quot;orientation&quot;:&quot;0&quot;}\" data-image-title=\"6610000393589\" data-image-description=\"\" data-image-caption=\"\" data-large-file=\"https:\/\/i0.wp.com\/parolaslanguages.com\/wp-content\/uploads\/2021\/04\/MirzakhaniWeb.png?fit=640%2C640&amp;ssl=1\" src=\"https:\/\/i0.wp.com\/parolaslanguages.com\/wp-content\/uploads\/2021\/04\/MirzakhaniWeb.png?resize=640%2C640&#038;ssl=1\" alt=\"\" class=\"wp-image-13045\" srcset=\"https:\/\/i0.wp.com\/parolaslanguages.com\/wp-content\/uploads\/2021\/04\/MirzakhaniWeb.png?w=664&amp;ssl=1 664w, https:\/\/i0.wp.com\/parolaslanguages.com\/wp-content\/uploads\/2021\/04\/MirzakhaniWeb.png?resize=300%2C300&amp;ssl=1 300w, https:\/\/i0.wp.com\/parolaslanguages.com\/wp-content\/uploads\/2021\/04\/MirzakhaniWeb.png?resize=200%2C200&amp;ssl=1 200w, https:\/\/i0.wp.com\/parolaslanguages.com\/wp-content\/uploads\/2021\/04\/MirzakhaniWeb.png?resize=12%2C12&amp;ssl=1 12w, https:\/\/i0.wp.com\/parolaslanguages.com\/wp-content\/uploads\/2021\/04\/MirzakhaniWeb.png?resize=520%2C520&amp;ssl=1 520w, https:\/\/i0.wp.com\/parolaslanguages.com\/wp-content\/uploads\/2021\/04\/MirzakhaniWeb.png?resize=360%2C360&amp;ssl=1 360w, https:\/\/i0.wp.com\/parolaslanguages.com\/wp-content\/uploads\/2021\/04\/MirzakhaniWeb.png?resize=250%2C250&amp;ssl=1 250w, https:\/\/i0.wp.com\/parolaslanguages.com\/wp-content\/uploads\/2021\/04\/MirzakhaniWeb.png?resize=100%2C100&amp;ssl=1 100w\" sizes=\"auto, (max-width: 640px) 100vw, 640px\" \/><\/a><\/figure>\n<\/div>\n\n\n<p class=\"wp-block-paragraph\"><\/p>\n\n\n\n<p class=\"has-small-font-size wp-block-paragraph translation-block\"><strong><em><strong><em>Ma<\/em><\/strong>ryam Mirzakhani and visual maths<br><\/em><\/strong>Francisco Salas Molina<\/p>\n\n\n\n<div class=\"read-more clearfix\">\n\t\t<a class=\"button post-button\" style=\"padding-bottom:3px; padding-top:3px; padding-left:10px; padding-right:6px;text-transform: capitalize;\" href=\"https:\/\/parolaslanguages.com\/en\/isbn6610000393589\/\" target=\"_blank\" title=\"Choose your favorite store\" rel=\"noopener noreferrer\">Buy<\/a>\n\t<\/div>\n<p style=\"color:white\">.<\/p>\n<\/div>\n<\/div>\n\n\n\n<div class=\"wp-block-columns is-layout-flex wp-container-core-columns-is-layout-8f761849 wp-block-columns-is-layout-flex\">\n<div class=\"wp-block-column is-layout-flow wp-block-column-is-layout-flow\">\n<figure class=\"wp-block-image alignfull size-full\"><a href=\"https:\/\/parolaslanguages.com\/en\/isbn6610000491575\/\"><img data-recalc-dims=\"1\" loading=\"lazy\" decoding=\"async\" width=\"640\" height=\"640\" data-attachment-id=\"15486\" data-permalink=\"https:\/\/parolaslanguages.com\/en\/webpastor-2\/\" data-orig-file=\"https:\/\/i0.wp.com\/parolaslanguages.com\/wp-content\/uploads\/2022\/10\/WebPastor-1.png?fit=664%2C664&amp;ssl=1\" data-orig-size=\"664,664\" data-comments-opened=\"1\" data-image-meta=\"{&quot;aperture&quot;:&quot;0&quot;,&quot;credit&quot;:&quot;&quot;,&quot;camera&quot;:&quot;&quot;,&quot;caption&quot;:&quot;&quot;,&quot;created_timestamp&quot;:&quot;0&quot;,&quot;copyright&quot;:&quot;&quot;,&quot;focal_length&quot;:&quot;0&quot;,&quot;iso&quot;:&quot;0&quot;,&quot;shutter_speed&quot;:&quot;0&quot;,&quot;title&quot;:&quot;&quot;,&quot;orientation&quot;:&quot;0&quot;}\" data-image-title=\"WebPastor\" data-image-description=\"\" data-image-caption=\"\" data-large-file=\"https:\/\/i0.wp.com\/parolaslanguages.com\/wp-content\/uploads\/2022\/10\/WebPastor-1.png?fit=640%2C640&amp;ssl=1\" src=\"https:\/\/i0.wp.com\/parolaslanguages.com\/wp-content\/uploads\/2022\/10\/WebPastor-1.png?resize=640%2C640&#038;ssl=1\" alt=\"\" class=\"wp-image-15486\" srcset=\"https:\/\/i0.wp.com\/parolaslanguages.com\/wp-content\/uploads\/2022\/10\/WebPastor-1.png?w=664&amp;ssl=1 664w, https:\/\/i0.wp.com\/parolaslanguages.com\/wp-content\/uploads\/2022\/10\/WebPastor-1.png?resize=300%2C300&amp;ssl=1 300w, https:\/\/i0.wp.com\/parolaslanguages.com\/wp-content\/uploads\/2022\/10\/WebPastor-1.png?resize=200%2C200&amp;ssl=1 200w, https:\/\/i0.wp.com\/parolaslanguages.com\/wp-content\/uploads\/2022\/10\/WebPastor-1.png?resize=12%2C12&amp;ssl=1 12w, https:\/\/i0.wp.com\/parolaslanguages.com\/wp-content\/uploads\/2022\/10\/WebPastor-1.png?resize=400%2C400&amp;ssl=1 400w, https:\/\/i0.wp.com\/parolaslanguages.com\/wp-content\/uploads\/2022\/10\/WebPastor-1.png?resize=520%2C520&amp;ssl=1 520w, https:\/\/i0.wp.com\/parolaslanguages.com\/wp-content\/uploads\/2022\/10\/WebPastor-1.png?resize=360%2C360&amp;ssl=1 360w, https:\/\/i0.wp.com\/parolaslanguages.com\/wp-content\/uploads\/2022\/10\/WebPastor-1.png?resize=250%2C250&amp;ssl=1 250w, https:\/\/i0.wp.com\/parolaslanguages.com\/wp-content\/uploads\/2022\/10\/WebPastor-1.png?resize=100%2C100&amp;ssl=1 100w\" sizes=\"auto, (max-width: 640px) 100vw, 640px\" \/><\/a><\/figure>\n\n\n\n<p class=\"wp-block-paragraph\"><\/p>\n\n\n\n<p class=\"wp-block-paragraph\" style=\"font-size:12px\"><strong><em>Julio Rey Pastor, the scientific vocation<\/em><\/strong><br \/>Francisco Salas Molina<\/p>\n\n\n\n<div class=\"read-more clearfix\">\n\t\t<a class=\"button post-button\" style=\"padding-bottom:3px; padding-top:3px; padding-left:10px; padding-right:6px;text-transform: capitalize;\" href=\"https:\/\/parolaslanguages.com\/en\/isbn6610000491575\/\" target=\"_blank\" title=\"Choose your favorite store\" rel=\"noopener noreferrer\">Buy<\/a>\n\t<\/div>\n<p style=\"color:white\">.<\/p>\n<\/div>\n\n\n\n<div class=\"wp-block-column is-layout-flow wp-block-column-is-layout-flow\">\n<figure class=\"wp-block-image alignfull size-full\"><img data-recalc-dims=\"1\" loading=\"lazy\" decoding=\"async\" width=\"640\" height=\"640\" data-attachment-id=\"16740\" data-permalink=\"https:\/\/parolaslanguages.com\/en\/10503-2\/coverweb-3\/\" data-orig-file=\"https:\/\/i0.wp.com\/parolaslanguages.com\/wp-content\/uploads\/2023\/12\/CoverWEB.png?fit=664%2C664&amp;ssl=1\" data-orig-size=\"664,664\" data-comments-opened=\"1\" data-image-meta=\"{&quot;aperture&quot;:&quot;0&quot;,&quot;credit&quot;:&quot;&quot;,&quot;camera&quot;:&quot;&quot;,&quot;caption&quot;:&quot;&quot;,&quot;created_timestamp&quot;:&quot;0&quot;,&quot;copyright&quot;:&quot;&quot;,&quot;focal_length&quot;:&quot;0&quot;,&quot;iso&quot;:&quot;0&quot;,&quot;shutter_speed&quot;:&quot;0&quot;,&quot;title&quot;:&quot;&quot;,&quot;orientation&quot;:&quot;0&quot;}\" data-image-title=\"CoverWEB\" data-image-description=\"\" data-image-caption=\"\" data-large-file=\"https:\/\/i0.wp.com\/parolaslanguages.com\/wp-content\/uploads\/2023\/12\/CoverWEB.png?fit=640%2C640&amp;ssl=1\" src=\"https:\/\/i0.wp.com\/parolaslanguages.com\/wp-content\/uploads\/2023\/12\/CoverWEB.png?resize=640%2C640&#038;ssl=1\" alt=\"\" class=\"wp-image-16740\" srcset=\"https:\/\/i0.wp.com\/parolaslanguages.com\/wp-content\/uploads\/2023\/12\/CoverWEB.png?w=664&amp;ssl=1 664w, https:\/\/i0.wp.com\/parolaslanguages.com\/wp-content\/uploads\/2023\/12\/CoverWEB.png?resize=300%2C300&amp;ssl=1 300w, https:\/\/i0.wp.com\/parolaslanguages.com\/wp-content\/uploads\/2023\/12\/CoverWEB.png?resize=200%2C200&amp;ssl=1 200w, https:\/\/i0.wp.com\/parolaslanguages.com\/wp-content\/uploads\/2023\/12\/CoverWEB.png?resize=12%2C12&amp;ssl=1 12w, https:\/\/i0.wp.com\/parolaslanguages.com\/wp-content\/uploads\/2023\/12\/CoverWEB.png?resize=600%2C600&amp;ssl=1 600w, https:\/\/i0.wp.com\/parolaslanguages.com\/wp-content\/uploads\/2023\/12\/CoverWEB.png?resize=400%2C400&amp;ssl=1 400w, https:\/\/i0.wp.com\/parolaslanguages.com\/wp-content\/uploads\/2023\/12\/CoverWEB.png?resize=520%2C520&amp;ssl=1 520w, https:\/\/i0.wp.com\/parolaslanguages.com\/wp-content\/uploads\/2023\/12\/CoverWEB.png?resize=360%2C360&amp;ssl=1 360w, https:\/\/i0.wp.com\/parolaslanguages.com\/wp-content\/uploads\/2023\/12\/CoverWEB.png?resize=250%2C250&amp;ssl=1 250w, https:\/\/i0.wp.com\/parolaslanguages.com\/wp-content\/uploads\/2023\/12\/CoverWEB.png?resize=100%2C100&amp;ssl=1 100w\" sizes=\"auto, (max-width: 640px) 100vw, 640px\" \/><\/figure>\n\n\n\n<p class=\"wp-block-paragraph\"><\/p>\n\n\n\n<p class=\"wp-block-paragraph\" style=\"font-size:12px\"><strong><em>Benoit Mandelbrot and the fractals<\/em><\/strong><br \/>Francisco Salas Molina<\/p>\n\n\n\n<div class=\"read-more clearfix\">\n\t\t<a style=\"padding-bottom:3px; padding-top:3px; padding-left:0px; padding-right:6px;text-transform: capitalize;\" target=\"_blank\" title=\"Soon\" rel=\"noopener noreferrer\">Soon<\/a>\n\t<\/div>\n<p style=\"color:white\">.<\/p>\n<\/div>\n\n\n\n<div class=\"wp-block-column is-layout-flow wp-block-column-is-layout-flow\"><div class=\"wp-block-image\">\n<figure class=\"aligncenter size-full\"><img data-recalc-dims=\"1\" loading=\"lazy\" decoding=\"async\" width=\"125\" height=\"125\" data-attachment-id=\"9011\" data-permalink=\"https:\/\/parolaslanguages.com\/en\/blanco\/\" data-orig-file=\"https:\/\/i0.wp.com\/parolaslanguages.com\/wp-content\/uploads\/2019\/06\/blanco.png?fit=125%2C125&amp;ssl=1\" data-orig-size=\"125,125\" data-comments-opened=\"1\" data-image-meta=\"{&quot;aperture&quot;:&quot;0&quot;,&quot;credit&quot;:&quot;&quot;,&quot;camera&quot;:&quot;&quot;,&quot;caption&quot;:&quot;&quot;,&quot;created_timestamp&quot;:&quot;0&quot;,&quot;copyright&quot;:&quot;&quot;,&quot;focal_length&quot;:&quot;0&quot;,&quot;iso&quot;:&quot;0&quot;,&quot;shutter_speed&quot;:&quot;0&quot;,&quot;title&quot;:&quot;&quot;,&quot;orientation&quot;:&quot;0&quot;}\" data-image-title=\"blanco\" data-image-description=\"\" data-image-caption=\"\" data-large-file=\"https:\/\/i0.wp.com\/parolaslanguages.com\/wp-content\/uploads\/2019\/06\/blanco.png?fit=125%2C125&amp;ssl=1\" src=\"https:\/\/i0.wp.com\/parolaslanguages.com\/wp-content\/uploads\/2019\/06\/blanco.png?resize=125%2C125&#038;ssl=1\" alt=\"\" class=\"wp-image-9011\" srcset=\"https:\/\/i0.wp.com\/parolaslanguages.com\/wp-content\/uploads\/2019\/06\/blanco.png?w=125&amp;ssl=1 125w, https:\/\/i0.wp.com\/parolaslanguages.com\/wp-content\/uploads\/2019\/06\/blanco.png?resize=100%2C100&amp;ssl=1 100w\" sizes=\"auto, (max-width: 125px) 100vw, 125px\" \/><\/figure>\n<\/div>\n\n\n<p class=\"wp-block-paragraph\"><\/p>\n\n\n\n<p class=\"wp-block-paragraph\" style=\"font-size:12px\"><\/p>\n\n\n<\/div>\n\n\n\n<div class=\"wp-block-column is-layout-flow wp-block-column-is-layout-flow\"><div class=\"wp-block-image\">\n<figure class=\"aligncenter size-full\"><img data-recalc-dims=\"1\" loading=\"lazy\" decoding=\"async\" width=\"125\" height=\"125\" data-attachment-id=\"9011\" data-permalink=\"https:\/\/parolaslanguages.com\/en\/blanco\/\" data-orig-file=\"https:\/\/i0.wp.com\/parolaslanguages.com\/wp-content\/uploads\/2019\/06\/blanco.png?fit=125%2C125&amp;ssl=1\" data-orig-size=\"125,125\" data-comments-opened=\"1\" data-image-meta=\"{&quot;aperture&quot;:&quot;0&quot;,&quot;credit&quot;:&quot;&quot;,&quot;camera&quot;:&quot;&quot;,&quot;caption&quot;:&quot;&quot;,&quot;created_timestamp&quot;:&quot;0&quot;,&quot;copyright&quot;:&quot;&quot;,&quot;focal_length&quot;:&quot;0&quot;,&quot;iso&quot;:&quot;0&quot;,&quot;shutter_speed&quot;:&quot;0&quot;,&quot;title&quot;:&quot;&quot;,&quot;orientation&quot;:&quot;0&quot;}\" data-image-title=\"blanco\" data-image-description=\"\" data-image-caption=\"\" data-large-file=\"https:\/\/i0.wp.com\/parolaslanguages.com\/wp-content\/uploads\/2019\/06\/blanco.png?fit=125%2C125&amp;ssl=1\" src=\"https:\/\/i0.wp.com\/parolaslanguages.com\/wp-content\/uploads\/2019\/06\/blanco.png?resize=125%2C125&#038;ssl=1\" alt=\"\" class=\"wp-image-9011\" srcset=\"https:\/\/i0.wp.com\/parolaslanguages.com\/wp-content\/uploads\/2019\/06\/blanco.png?w=125&amp;ssl=1 125w, https:\/\/i0.wp.com\/parolaslanguages.com\/wp-content\/uploads\/2019\/06\/blanco.png?resize=100%2C100&amp;ssl=1 100w\" sizes=\"auto, (max-width: 125px) 100vw, 125px\" \/><\/figure>\n<\/div>\n\n\n<p class=\"wp-block-paragraph\"><\/p>\n\n\n\n<p class=\"has-small-font-size wp-block-paragraph\"><\/p>\n\n\n<\/div>\n<\/div>\n\n\n\n<p class=\"wp-block-paragraph\"><\/p>","protected":false},"excerpt":{"rendered":"<p> <a class=\"read-more\" href=\"https:\/\/parolaslanguages.com\/en\/francisco-salas-molina\/\">Read more<\/a><\/p>","protected":false},"author":99780688,"featured_media":0,"parent":0,"menu_order":0,"comment_status":"closed","ping_status":"closed","template":"page-templates\/page_fullwidth.php","meta":{"_crdt_document":"","advanced_seo_description":"","jetpack_seo_html_title":"","jetpack_seo_noindex":false,"footnotes":""},"class_list":["post-15489","page","type-page","status-publish","hentry","clearfix"],"jetpack_likes_enabled":false,"jetpack_sharing_enabled":true,"jetpack_shortlink":"https:\/\/wp.me\/P8Kc3U-41P","_links":{"self":[{"href":"https:\/\/parolaslanguages.com\/en\/wp-json\/wp\/v2\/pages\/15489","targetHints":{"allow":["GET"]}}],"collection":[{"href":"https:\/\/parolaslanguages.com\/en\/wp-json\/wp\/v2\/pages"}],"about":[{"href":"https:\/\/parolaslanguages.com\/en\/wp-json\/wp\/v2\/types\/page"}],"author":[{"embeddable":true,"href":"https:\/\/parolaslanguages.com\/en\/wp-json\/wp\/v2\/users\/99780688"}],"replies":[{"embeddable":true,"href":"https:\/\/parolaslanguages.com\/en\/wp-json\/wp\/v2\/comments?post=15489"}],"version-history":[{"count":10,"href":"https:\/\/parolaslanguages.com\/en\/wp-json\/wp\/v2\/pages\/15489\/revisions"}],"predecessor-version":[{"id":17595,"href":"https:\/\/parolaslanguages.com\/en\/wp-json\/wp\/v2\/pages\/15489\/revisions\/17595"}],"wp:attachment":[{"href":"https:\/\/parolaslanguages.com\/en\/wp-json\/wp\/v2\/media?parent=15489"}],"curies":[{"name":"wp","href":"https:\/\/api.w.org\/{rel}","templated":true}]}}